{"id":3093,"date":"2021-10-19T23:47:19","date_gmt":"2021-10-20T03:47:19","guid":{"rendered":"https:\/\/www.nocedal.cl\/wp\/?page_id=3093"},"modified":"2021-10-19T23:47:20","modified_gmt":"2021-10-20T03:47:20","slug":"beneficios-con-sentido-para-tus-colaboradores","status":"publish","type":"page","link":"https:\/\/www.nocedal.cl\/wp\/beneficios-con-sentido-para-tus-colaboradores\/","title":{"rendered":"Beneficios con sentido para tus colaboradores"},"content":{"rendered":"\n<figure class=\"wp-block-image size-full\"><img loading=\"lazy\" decoding=\"async\" width=\"800\" height=\"782\" src=\"https:\/\/www.nocedal.cl\/wp\/wp-content\/uploads\/2021\/10\/banner.jpg\" alt=\"\" class=\"wp-image-3095\" srcset=\"https:\/\/www.nocedal.cl\/wp\/wp-content\/uploads\/2021\/10\/banner.jpg 800w, https:\/\/www.nocedal.cl\/wp\/wp-content\/uploads\/2021\/10\/banner-300x293.jpg 300w, https:\/\/www.nocedal.cl\/wp\/wp-content\/uploads\/2021\/10\/banner-768x751.jpg 768w, https:\/\/www.nocedal.cl\/wp\/wp-content\/uploads\/2021\/10\/banner-370x362.jpg 370w, https:\/\/www.nocedal.cl\/wp\/wp-content\/uploads\/2021\/10\/banner-760x743.jpg 760w\" sizes=\"auto, (max-width: 800px) 100vw, 800px\" \/><\/figure>\n\n\n\n<h2 class=\"wp-block-heading\">Si deseas tener m\u00e1s informaci\u00f3n env\u00edanos tus datos y te contactaremos:<\/h2>\n\n\n\n<div role=\"form\" class=\"wpcf7\" id=\"wpcf7-f3092-o1\" lang=\"es-CL\" dir=\"ltr\">\n<div class=\"screen-reader-response\" role=\"alert\" aria-live=\"polite\"><\/div>\n<form action=\"\/wp\/wp-json\/wp\/v2\/pages\/3093#wpcf7-f3092-o1\" method=\"post\" class=\"wpcf7-form init\" novalidate=\"novalidate\">\n<div style=\"display: none;\">\n<input type=\"hidden\" name=\"_wpcf7\" value=\"3092\" \/>\n<input type=\"hidden\" name=\"_wpcf7_version\" value=\"5.2.2\" \/>\n<input type=\"hidden\" name=\"_wpcf7_locale\" value=\"es_CL\" \/>\n<input type=\"hidden\" name=\"_wpcf7_unit_tag\" value=\"wpcf7-f3092-o1\" \/>\n<input type=\"hidden\" name=\"_wpcf7_container_post\" value=\"0\" \/>\n<input type=\"hidden\" name=\"_wpcf7_posted_data_hash\" value=\"\" \/>\n<\/div>\n<p><label> Tu Nombre (requerido)<br \/>\n    <span class=\"wpcf7-form-control-wrap your-name\"><input type=\"text\" name=\"your-name\" value=\"\" size=\"40\" class=\"wpcf7-form-control wpcf7-text wpcf7-validates-as-required\" aria-required=\"true\" aria-invalid=\"false\" \/><\/span> <\/label><\/p>\n<p><label> Tu Correo (requerido)<br \/>\n    <span class=\"wpcf7-form-control-wrap your-email\"><input type=\"email\" name=\"your-email\" value=\"\" size=\"40\" class=\"wpcf7-form-control wpcf7-text wpcf7-email wpcf7-validates-as-required wpcf7-validates-as-email\" aria-required=\"true\" aria-invalid=\"false\" \/><\/span> <\/label><\/p>\n<p><label> Tu tel\u00e9fono (requerido)<br \/>\n    <span class=\"wpcf7-form-control-wrap fono\"><input type=\"text\" name=\"fono\" value=\"\" size=\"40\" class=\"wpcf7-form-control wpcf7-text wpcf7-validates-as-required\" aria-required=\"true\" aria-invalid=\"false\" \/><\/span> <\/label><\/p>\n<p><label> Empresa (requerido)<br \/>\n    <span class=\"wpcf7-form-control-wrap empresa\"><input type=\"text\" name=\"empresa\" value=\"\" size=\"40\" class=\"wpcf7-form-control wpcf7-text wpcf7-validates-as-required\" aria-required=\"true\" aria-invalid=\"false\" \/><\/span> <\/label><\/p>\n<p><label> Mensaje (opcional)<br \/>\n    <span class=\"wpcf7-form-control-wrap your-message\"><textarea name=\"your-message\" cols=\"40\" rows=\"10\" class=\"wpcf7-form-control wpcf7-textarea\" aria-invalid=\"false\"><\/textarea><\/span> <\/label><\/p>\n<p><input type=\"submit\" value=\"Enviar\" class=\"wpcf7-form-control wpcf7-submit\" \/><\/p>\n<div class=\"wpcf7-response-output\" role=\"alert\" aria-hidden=\"true\"><\/div><\/form><\/div>\n","protected":false},"excerpt":{"rendered":"<p>Si deseas tener m\u00e1s informaci\u00f3n env\u00edanos tus datos y te contactaremos:<\/p>\n","protected":false},"author":1,"featured_media":0,"parent":0,"menu_order":0,"comment_status":"closed","ping_status":"closed","template":"","meta":{"footnotes":""},"class_list":["post-3093","page","type-page","status-publish","hentry"],"_links":{"self":[{"href":"https:\/\/www.nocedal.cl\/wp\/wp-json\/wp\/v2\/pages\/3093","targetHints":{"allow":["GET"]}}],"collection":[{"href":"https:\/\/www.nocedal.cl\/wp\/wp-json\/wp\/v2\/pages"}],"about":[{"href":"https:\/\/www.nocedal.cl\/wp\/wp-json\/wp\/v2\/types\/page"}],"author":[{"embeddable":true,"href":"https:\/\/www.nocedal.cl\/wp\/wp-json\/wp\/v2\/users\/1"}],"replies":[{"embeddable":true,"href":"https:\/\/www.nocedal.cl\/wp\/wp-json\/wp\/v2\/comments?post=3093"}],"version-history":[{"count":2,"href":"https:\/\/www.nocedal.cl\/wp\/wp-json\/wp\/v2\/pages\/3093\/revisions"}],"predecessor-version":[{"id":3096,"href":"https:\/\/www.nocedal.cl\/wp\/wp-json\/wp\/v2\/pages\/3093\/revisions\/3096"}],"wp:attachment":[{"href":"https:\/\/www.nocedal.cl\/wp\/wp-json\/wp\/v2\/media?parent=3093"}],"curies":[{"name":"wp","href":"https:\/\/api.w.org\/{rel}","templated":true}]}}