{"id":1617,"date":"2020-09-22T12:10:39","date_gmt":"2020-09-22T15:10:39","guid":{"rendered":"http:\/\/www.nocedal.cl\/wp\/?page_id=1617"},"modified":"2020-10-09T16:06:13","modified_gmt":"2020-10-09T19:06:13","slug":"ismar-lincura","status":"publish","type":"page","link":"https:\/\/www.nocedal.cl\/wp\/ismar-lincura\/","title":{"rendered":"ISAMAR LINCURA"},"content":{"rendered":"<p>[vc_row][vc_column width=&#8221;1\/2&#8243;][vc_column_text]<\/p>\n<h5 style=\"text-align: justify;\"><strong>ISAMAR LINCURA &#8211;\u00a0<\/strong>PROMOCI\u00d3N 2009, ENFERMERA EN EL HOSPITAL LUIS CALVO MACKENNA<\/h5>\n<p style=\"text-align: justify;\"><span class=\"justificado\">Isamar nos cuenta que le sirvi\u00f3 mucho estudiar en un establecimiento de la Fundaci\u00f3n Nocedal porque fue ah\u00ed donde conoci\u00f3 la carrera de T\u00e9cnico en Enfermer\u00eda y supo que su futuro laboral estaba ligado a esta vocaci\u00f3n. Adem\u00e1s, la Fundaci\u00f3n Nocedal le ayud\u00f3 a cumplir su sue\u00f1o, ya que pudo optar a una beca en la Universidad de Los Andes, gracias a su buen rendimiento escolar.<\/span><\/p>\n<p class=\"justificado\" style=\"text-align: justify;\">\u201cAdem\u00e1s de la formaci\u00f3n laboral, la formaci\u00f3n espiritual y personal que me entreg\u00f3 Almendral,\u00a0 fueron esenciales. La familia es el primer lugar donde uno aprende los h\u00e1bitos, virtudes, etc. Pero el colegio me permiti\u00f3 seguir reforz\u00e1ndolo y que no se me olvidaran en mi camino\u201d, cuenta Isamar.<\/p>\n<p class=\"justificado\" style=\"text-align: justify;\">Cuando le preguntamos cu\u00e1les son sus sue\u00f1os a futuro, nos cuenta que son muchos. Con respecto a su familia, le gustar\u00eda ayudarlos y poder devolverles la mano. En lo laboral, quiere seguir adquiriendo experiencia en el Servicio de Transplante de M\u00e9dula \u00d3sea del Hospital Luis Calvo Mackenna, hacer un post grado en Oncolog\u00eda Pedi\u00e1trica y aprender idiomas. Adem\u00e1s, seguir siendo parte de la Fundaci\u00f3n \u201cAlimentando una Sonrisa\u201d, donde es miembro desde primer a\u00f1o de universidad.<\/p>\n<p class=\"justificado\" style=\"text-align: justify;\">Hay que destacar que la familia de Isamar est\u00e1 ligada por completo a la Fundaci\u00f3n, ya que no s\u00f3lo sus hermanos est\u00e1n en Nocedal y Almendral; sino que su mam\u00e1 es auxiliar de aseo en el establecimiento femenino, donde ella estudi\u00f3. \u201cEl trabajo que mi mam\u00e1 tiene actualmente en el colegio de auxiliar de aseo, fue una gran oportunidad en momentos que econ\u00f3micamente no est\u00e1bamos muy bien, y tenerla cerca fue lo mejor para m\u00ed, sab\u00eda que hab\u00eda alguien que confiaba en m\u00ed y que luchaba d\u00eda a d\u00eda por su familia\u201d, concluye Isamar.<\/p>\n<p>[\/vc_column_text][\/vc_column][vc_column width=&#8221;1\/2&#8243;][vc_column_text]<img loading=\"lazy\" class=\"size-full wp-image-1618 aligncenter\" src=\"http:\/\/www.nocedal.cl\/wp\/wp-content\/uploads\/2020\/09\/testimonio11.jpg\" alt=\"\" width=\"458\" height=\"260\" srcset=\"https:\/\/www.nocedal.cl\/wp\/wp-content\/uploads\/2020\/09\/testimonio11.jpg 458w, https:\/\/www.nocedal.cl\/wp\/wp-content\/uploads\/2020\/09\/testimonio11-300x170.jpg 300w, https:\/\/www.nocedal.cl\/wp\/wp-content\/uploads\/2020\/09\/testimonio11-370x210.jpg 370w\" sizes=\"(max-width: 458px) 100vw, 458px\" \/>[\/vc_column_text][\/vc_column][\/vc_row]<\/p>\n","protected":false},"excerpt":{"rendered":"<p>[vc_row][vc_column width=&#8221;1\/2&#8243;][vc_column_text] ISAMAR LINCURA &#8211;\u00a0PROMOCI\u00d3N 2009, ENFERMERA EN EL HOSPITAL LUIS CALVO MACKENNA Isamar nos cuenta que le sirvi\u00f3 mucho estudiar en un establecimiento de la Fundaci\u00f3n Nocedal porque fue ah\u00ed donde conoci\u00f3 la carrera de T\u00e9cnico en Enfermer\u00eda&hellip;<\/p>\n","protected":false},"author":1,"featured_media":0,"parent":0,"menu_order":0,"comment_status":"closed","ping_status":"closed","template":"","meta":[],"_links":{"self":[{"href":"https:\/\/www.nocedal.cl\/wp\/wp-json\/wp\/v2\/pages\/1617"}],"collection":[{"href":"https:\/\/www.nocedal.cl\/wp\/wp-json\/wp\/v2\/pages"}],"about":[{"href":"https:\/\/www.nocedal.cl\/wp\/wp-json\/wp\/v2\/types\/page"}],"author":[{"embeddable":true,"href":"https:\/\/www.nocedal.cl\/wp\/wp-json\/wp\/v2\/users\/1"}],"replies":[{"embeddable":true,"href":"https:\/\/www.nocedal.cl\/wp\/wp-json\/wp\/v2\/comments?post=1617"}],"version-history":[{"count":5,"href":"https:\/\/www.nocedal.cl\/wp\/wp-json\/wp\/v2\/pages\/1617\/revisions"}],"predecessor-version":[{"id":1739,"href":"https:\/\/www.nocedal.cl\/wp\/wp-json\/wp\/v2\/pages\/1617\/revisions\/1739"}],"wp:attachment":[{"href":"https:\/\/www.nocedal.cl\/wp\/wp-json\/wp\/v2\/media?parent=1617"}],"curies":[{"name":"wp","href":"https:\/\/api.w.org\/{rel}","templated":true}]}}