{"id":1353,"date":"2020-09-09T13:26:48","date_gmt":"2020-09-09T16:26:48","guid":{"rendered":"http:\/\/www.nocedal.cl\/wp\/?page_id=1353"},"modified":"2022-10-11T12:51:14","modified_gmt":"2022-10-11T16:51:14","slug":"colegios","status":"publish","type":"page","link":"https:\/\/www.nocedal.cl\/wp\/colegios\/","title":{"rendered":"Colegios"},"content":{"rendered":"<p>[vc_row][vc_column][vc_column_text]<img loading=\"lazy\" class=\"size-full wp-image-1354 aligncenter\" src=\"http:\/\/www.nocedal.cl\/wp\/wp-content\/uploads\/2020\/09\/Captura-de-Pantalla-2020-09-09-a-las-13.23.40.png\" alt=\"\" width=\"544\" height=\"67\" srcset=\"https:\/\/www.nocedal.cl\/wp\/wp-content\/uploads\/2020\/09\/Captura-de-Pantalla-2020-09-09-a-las-13.23.40.png 544w, https:\/\/www.nocedal.cl\/wp\/wp-content\/uploads\/2020\/09\/Captura-de-Pantalla-2020-09-09-a-las-13.23.40-300x37.png 300w, https:\/\/www.nocedal.cl\/wp\/wp-content\/uploads\/2020\/09\/Captura-de-Pantalla-2020-09-09-a-las-13.23.40-370x46.png 370w\" sizes=\"(max-width: 544px) 100vw, 544px\" \/>[\/vc_column_text][\/vc_column][\/vc_row][vc_row][vc_column][vc_column_text]<\/p>\n<p class=\"justificado\">En los colegios de la Fundaci\u00f3n Nocedal todas las actividades est\u00e1n inspiradas del esp\u00edritu cristiano. Para mantener viva esta identidad, nuestros colegios conf\u00edan la atenci\u00f3n espiritual de los padres, profesores y alumnos a sacerdotes de la Prelatura del Opus Dei.<\/p>\n<p>Todos los colegios cuentan con biblioteca, salas de clases, talleres de especialidades (rob\u00f3tica, electr\u00f3nica, enfermer\u00eda, etc), campos de deportes, capilla, comedores, patios, salas de m\u00fasica y de ciencias, salas de profesores y administraci\u00f3n.<\/p>\n<p class=\"justificado\">Te envitamos a conocer m\u00e1s de cada colegio haciendo click en cada uno:<\/p>\n<p>[\/vc_column_text][\/vc_column][\/vc_row][vc_row][vc_column width=&#8221;1\/5&#8243;][vc_column_text]<a href=\"http:\/\/www.nocedal.cl\/wp\/colegio-nocedal\"><img loading=\"lazy\" class=\"size-full wp-image-1355 aligncenter\" src=\"http:\/\/www.nocedal.cl\/wp\/wp-content\/uploads\/2020\/09\/x1.jpg\" alt=\"\" width=\"474\" height=\"568\" srcset=\"https:\/\/www.nocedal.cl\/wp\/wp-content\/uploads\/2020\/09\/x1.jpg 474w, https:\/\/www.nocedal.cl\/wp\/wp-content\/uploads\/2020\/09\/x1-250x300.jpg 250w, https:\/\/www.nocedal.cl\/wp\/wp-content\/uploads\/2020\/09\/x1-370x443.jpg 370w\" sizes=\"(max-width: 474px) 100vw, 474px\" \/><\/a>[\/vc_column_text][vc_column_text]<\/p>\n<h6 style=\"text-align: center;\"><strong>Colegio<br \/>\nNocedal<br \/>\n<a href=\"http:\/\/colegionocedal.cl\/\" target=\"_blank\" rel=\"noopener noreferrer\">www.colegionocedal.cl<\/a><br \/>\nF: 22 592 0428<\/strong><\/h6>\n<p style=\"text-align: center; font-size: 11px;\"><a href=\"mailto:soportetecnico@colegionocedal.cl\">soportetecnico@colegionocedal.cl<\/a><\/p>\n<p>[\/vc_column_text][\/vc_column][vc_column width=&#8221;1\/5&#8243;][vc_column_text]<a href=\"http:\/\/www.nocedal.cl\/wp\/colegio-almendral\"><img loading=\"lazy\" class=\"size-full wp-image-1356 aligncenter\" src=\"http:\/\/www.nocedal.cl\/wp\/wp-content\/uploads\/2020\/09\/x2.jpg\" alt=\"\" width=\"474\" height=\"568\" srcset=\"https:\/\/www.nocedal.cl\/wp\/wp-content\/uploads\/2020\/09\/x2.jpg 474w, https:\/\/www.nocedal.cl\/wp\/wp-content\/uploads\/2020\/09\/x2-250x300.jpg 250w, https:\/\/www.nocedal.cl\/wp\/wp-content\/uploads\/2020\/09\/x2-370x443.jpg 370w\" sizes=\"(max-width: 474px) 100vw, 474px\" \/><\/a>[\/vc_column_text][vc_column_text]<\/p>\n<h6 style=\"text-align: center;\"><strong>Colegio<br \/>\nAlmendral<br \/>\n<a href=\"http:\/\/www.colegioalmendral.cl\/admision\/\" target=\"_blank\" rel=\"noopener noreferrer\">www.colegioalmendral.cl<\/a><br \/>\nF: 22 592 0424<br \/>\n<\/strong><\/h6>\n<p style=\"text-align: center; font-size: 11px;\"><a href=\"mailto:colegioalmendral@colegioalmendral.cl\">colegioalmendral@colegioalmendral.cl<\/a><\/p>\n<p>[\/vc_column_text][\/vc_column][vc_column width=&#8221;1\/5&#8243;][vc_column_text]<a href=\"http:\/\/www.nocedal.cl\/wp\/colegio-puentemaipo\/\"><img loading=\"lazy\" class=\"size-full wp-image-1357 aligncenter\" src=\"http:\/\/www.nocedal.cl\/wp\/wp-content\/uploads\/2020\/09\/x3.jpg\" alt=\"\" width=\"474\" height=\"568\" srcset=\"https:\/\/www.nocedal.cl\/wp\/wp-content\/uploads\/2020\/09\/x3.jpg 474w, https:\/\/www.nocedal.cl\/wp\/wp-content\/uploads\/2020\/09\/x3-250x300.jpg 250w, https:\/\/www.nocedal.cl\/wp\/wp-content\/uploads\/2020\/09\/x3-370x443.jpg 370w\" sizes=\"(max-width: 474px) 100vw, 474px\" \/><\/a>[\/vc_column_text][vc_column_text]<\/p>\n<h6 style=\"text-align: center;\"><strong>Colegio<br \/>\nPuenteMaipo<br \/>\n<a href=\"http:\/\/www.puentemaipo.cl\/wp\/\" target=\"_blank\" rel=\"noopener noreferrer\">www.puentemaipo.cl<\/a><br \/>\nF: 22 680 9400<br \/>\n<\/strong><\/h6>\n<p style=\"text-align: center; font-size: 11px;\"><a href=\"mailto:contacto@puentemaipo.cl\">contacto@puentemaipo.cl<\/a><\/p>\n<p>[\/vc_column_text][\/vc_column][vc_column width=&#8221;1\/5&#8243;][vc_column_text]<a href=\"http:\/\/www.nocedal.cl\/wp\/colegio-trigales-del-maipo\/\"><img loading=\"lazy\" class=\"size-full wp-image-1358 aligncenter\" src=\"http:\/\/www.nocedal.cl\/wp\/wp-content\/uploads\/2020\/09\/x4.jpg\" alt=\"\" width=\"474\" height=\"568\" srcset=\"https:\/\/www.nocedal.cl\/wp\/wp-content\/uploads\/2020\/09\/x4.jpg 474w, https:\/\/www.nocedal.cl\/wp\/wp-content\/uploads\/2020\/09\/x4-250x300.jpg 250w, https:\/\/www.nocedal.cl\/wp\/wp-content\/uploads\/2020\/09\/x4-370x443.jpg 370w\" sizes=\"(max-width: 474px) 100vw, 474px\" \/><\/a>[\/vc_column_text][vc_column_text]<\/p>\n<h6 style=\"text-align: center;\"><strong>Colegio<br \/>\nTrigales del Maipo<br \/>\n<a href=\"http:\/\/www.colegiotrigales.cl\" target=\"_blank\" rel=\"noopener\">www.colegiotrigales.cl<\/a><br \/>\nF: 22 396 0100<br \/>\n+569 72619857<br \/>\n<\/strong><\/h6>\n<p style=\"text-align: center; font-size: 11px;\"><a href=\"mailto:trigalesdelmaipo@gmail.com\">trigalesdelmaipo@gmail.com<\/a><\/p>\n<p>[\/vc_column_text][\/vc_column][vc_column width=&#8221;1\/5&#8243;][vc_column_text]<a href=\"http:\/\/www.nocedal.cl\/wp\/centro-familia\/\"><img loading=\"lazy\" class=\"size-full wp-image-1359 aligncenter\" src=\"http:\/\/www.nocedal.cl\/wp\/wp-content\/uploads\/2020\/09\/x5.jpg\" alt=\"\" width=\"474\" height=\"568\" srcset=\"https:\/\/www.nocedal.cl\/wp\/wp-content\/uploads\/2020\/09\/x5.jpg 474w, https:\/\/www.nocedal.cl\/wp\/wp-content\/uploads\/2020\/09\/x5-250x300.jpg 250w, https:\/\/www.nocedal.cl\/wp\/wp-content\/uploads\/2020\/09\/x5-370x443.jpg 370w\" sizes=\"(max-width: 474px) 100vw, 474px\" \/><\/a>[\/vc_column_text][vc_column_text]<\/p>\n<p style=\"text-align: center;\"><strong>Centro<br \/>\nFamilia<br \/>\nF: 22 592 0420<\/strong><\/p>\n<p>[\/vc_column_text][\/vc_column][\/vc_row]<\/p>\n","protected":false},"excerpt":{"rendered":"<p>[vc_row][vc_column][vc_column_text][\/vc_column_text][\/vc_column][\/vc_row][vc_row][vc_column][vc_column_text] En los colegios de la Fundaci\u00f3n Nocedal todas las actividades est\u00e1n inspiradas del esp\u00edritu cristiano. Para mantener viva esta identidad, nuestros colegios conf\u00edan la atenci\u00f3n espiritual de los padres, profesores y alumnos a sacerdotes de la Prelatura del&hellip;<\/p>\n","protected":false},"author":1,"featured_media":0,"parent":0,"menu_order":0,"comment_status":"closed","ping_status":"closed","template":"","meta":[],"_links":{"self":[{"href":"https:\/\/www.nocedal.cl\/wp\/wp-json\/wp\/v2\/pages\/1353"}],"collection":[{"href":"https:\/\/www.nocedal.cl\/wp\/wp-json\/wp\/v2\/pages"}],"about":[{"href":"https:\/\/www.nocedal.cl\/wp\/wp-json\/wp\/v2\/types\/page"}],"author":[{"embeddable":true,"href":"https:\/\/www.nocedal.cl\/wp\/wp-json\/wp\/v2\/users\/1"}],"replies":[{"embeddable":true,"href":"https:\/\/www.nocedal.cl\/wp\/wp-json\/wp\/v2\/comments?post=1353"}],"version-history":[{"count":27,"href":"https:\/\/www.nocedal.cl\/wp\/wp-json\/wp\/v2\/pages\/1353\/revisions"}],"predecessor-version":[{"id":5274,"href":"https:\/\/www.nocedal.cl\/wp\/wp-json\/wp\/v2\/pages\/1353\/revisions\/5274"}],"wp:attachment":[{"href":"https:\/\/www.nocedal.cl\/wp\/wp-json\/wp\/v2\/media?parent=1353"}],"curies":[{"name":"wp","href":"https:\/\/api.w.org\/{rel}","templated":true}]}}